{"id":281,"date":"2023-01-17T22:41:43","date_gmt":"2023-01-17T21:41:43","guid":{"rendered":"https:\/\/www.frantiskani.cz\/Sekularnifrantiskani\/?page_id=281"},"modified":"2024-10-28T10:37:36","modified_gmt":"2024-10-28T09:37:36","slug":"videa","status":"publish","type":"page","link":"https:\/\/www.frantiskani.cz\/Sekularnifrantiskani\/videa\/","title":{"rendered":"Videa nejen z na\u0161ich setk\u00e1n\u00ed"},"content":{"rendered":"<p>[et_pb_section fb_built=&#8220;1&#8243; _builder_version=&#8220;4.19.4&#8243; _module_preset=&#8220;default&#8220; global_colors_info=&#8220;{}&#8220;][et_pb_row column_structure=&#8220;1_2,1_2&#8243; module_id=&#8220;#videogalerie&#8220; _builder_version=&#8220;4.19.5&#8243; _module_preset=&#8220;default&#8220; background_enable_color=&#8220;off&#8220; global_colors_info=&#8220;{}&#8220;][et_pb_column type=&#8220;1_2&#8243; _builder_version=&#8220;4.19.5&#8243; _module_preset=&#8220;default&#8220; global_colors_info=&#8220;{}&#8220;][et_pb_text _builder_version=&#8220;4.19.4&#8243; _module_preset=&#8220;default&#8220; global_colors_info=&#8220;{}&#8220;]<\/p>\n<h2><span style=\"color: #993300;\"><strong>FOTOGALERIE<\/strong><\/span><\/h2>\n<p>[\/et_pb_text][\/et_pb_column][et_pb_column type=&#8220;1_2&#8243; _builder_version=&#8220;4.19.5&#8243; _module_preset=&#8220;default&#8220; global_colors_info=&#8220;{}&#8220;][et_pb_text _builder_version=&#8220;4.19.5&#8243; _module_preset=&#8220;default&#8220; global_colors_info=&#8220;{}&#8220;]<\/p>\n<h5><span style=\"color: #993300;\">Video galerie &#8211; roluj str\u00e1nku dol\u016f<\/span><\/h5>\n<p>[\/et_pb_text][\/et_pb_column][\/et_pb_row][et_pb_row column_structure=&#8220;1_4,1_4,1_4,1_4&#8243; use_custom_gutter=&#8220;on&#8220; make_equal=&#8220;on&#8220; _builder_version=&#8220;4.19.4&#8243; _module_preset=&#8220;default&#8220; background_enable_color=&#8220;off&#8220; min_height=&#8220;638.7px&#8220; custom_padding=&#8220;||0px|||&#8220; border_radii=&#8220;off|3px|3px|3px|3px&#8220; border_width_all=&#8220;3px&#8220; border_color_all=&#8220;#AD6518&#8243; border_style_all=&#8220;dotted&#8220; global_colors_info=&#8220;{}&#8220;][et_pb_column type=&#8220;1_4&#8243; _builder_version=&#8220;4.19.4&#8243; _module_preset=&#8220;default&#8220; global_colors_info=&#8220;{}&#8220;][et_pb_image src=&#8220;https:\/\/www.frantiskani.cz\/Sekularnifrantiskani\/wp-content\/uploads\/2023\/01\/obrazek_2023-01-12_120639074.png&#8220; title_text=&#8220;obr\u00e1zek_2023-01-12_120639074&#8243; url=&#8220;https:\/\/www.sfr.cz\/bylo_fotogalerie.aspx&#8220; url_new_window=&#8220;on&#8220; _builder_version=&#8220;4.19.5&#8243; _module_preset=&#8220;default&#8220; background_enable_color=&#8220;off&#8220; global_colors_info=&#8220;{}&#8220;][\/et_pb_image][et_pb_text _builder_version=&#8220;4.27.2&#8243; _module_preset=&#8220;default&#8220; link_option_url=&#8220;https:\/\/www.sfr.cz\/bylo_fotogalerie.aspx&#8220; link_option_url_new_window=&#8220;on&#8220; hover_enabled=&#8220;0&#8243; global_colors_info=&#8220;{}&#8220; sticky_enabled=&#8220;0&#8243;]<\/p>\n<h1><a href=\"https:\/\/www.sfr.cz\/inspirace\/fotogalerie#gsc.tab=0\" target=\"_blank\" rel=\"noopener\"><strong>Fotogalerie na www.sfr.cz<\/strong><\/a><\/h1>\n<p>[\/et_pb_text][et_pb_image src=&#8220;https:\/\/www.frantiskani.cz\/Sekularnifrantiskani\/wp-content\/uploads\/2023\/01\/Svata-hora-2022.jpg&#8220; title_text=&#8220;Svat\u00e1 hora 2022&#8243; url=&#8220;https:\/\/www.sfr.cz\/bylo_fotogalerie.aspx&#8220; url_new_window=&#8220;on&#8220; _builder_version=&#8220;4.19.5&#8243; _module_preset=&#8220;default&#8220; global_colors_info=&#8220;{}&#8220;][\/et_pb_image][\/et_pb_column][et_pb_column type=&#8220;1_4&#8243; _builder_version=&#8220;4.19.4&#8243; _module_preset=&#8220;default&#8220; global_colors_info=&#8220;{}&#8220;][et_pb_image src=&#8220;https:\/\/www.frantiskani.cz\/Sekularnifrantiskani\/wp-content\/uploads\/2023\/01\/letacek-1-e1674414792588.jpg&#8220; title_text=&#8220;let\u00e1\u010dek-1&#8243; url=&#8220;https:\/\/www.frantiskani.cz\/Sekularnifrantiskani\/wp-content\/uploads\/2023\/01\/Narodni-rada-SFR-v-CR-1.pdf&#8220; url_new_window=&#8220;on&#8220; _builder_version=&#8220;4.19.5&#8243; _module_preset=&#8220;default&#8220; global_colors_info=&#8220;{}&#8220;][\/et_pb_image][et_pb_text _builder_version=&#8220;4.19.5&#8243; _module_preset=&#8220;default&#8220; link_option_url=&#8220;https:\/\/www.frantiskani.cz\/Sekularnifrantiskani\/wp-content\/uploads\/2023\/01\/Narodni-rada-SFR-v-CR-1.pdf&#8220; link_option_url_new_window=&#8220;on&#8220; global_colors_info=&#8220;{}&#8220;]<\/p>\n<h2>Prezentace N\u00e1rodn\u00edho spole\u010denstv\u00ed v PDF<\/h2>\n<p>[\/et_pb_text][\/et_pb_column][et_pb_column type=&#8220;1_4&#8243; _builder_version=&#8220;4.19.4&#8243; _module_preset=&#8220;default&#8220; global_colors_info=&#8220;{}&#8220;][et_pb_image src=&#8220;https:\/\/www.frantiskani.cz\/Sekularnifrantiskani\/wp-content\/uploads\/2023\/01\/spolecenstvi-v-Plzni.jpg&#8220; title_text=&#8220;spolecenstvi-v-Plzni&#8220; url=&#8220;https:\/\/www.frantiskani.cz\/Sekularnifrantiskani\/wp-content\/uploads\/2023\/01\/Prezentace-MBS-Plzen-SFR-v-CR-1.pdf&#8220; url_new_window=&#8220;on&#8220; _builder_version=&#8220;4.19.5&#8243; _module_preset=&#8220;default&#8220; global_colors_info=&#8220;{}&#8220;][\/et_pb_image][et_pb_text _builder_version=&#8220;4.19.5&#8243; _module_preset=&#8220;default&#8220; link_option_url=&#8220;https:\/\/www.frantiskani.cz\/Sekularnifrantiskani\/wp-content\/uploads\/2023\/01\/Prezentace-MBS-Plzen-SFR-v-CR-1.pdf&#8220; link_option_url_new_window=&#8220;on&#8220; global_colors_info=&#8220;{}&#8220;]<\/p>\n<h4>Prezentace MBS Plze\u0148 &#8211; \u017eivot jednoho spole\u010denstv\u00ed ze 48 MBS v \u010cR<\/h4>\n<p>[\/et_pb_text][et_pb_image src=&#8220;https:\/\/www.frantiskani.cz\/Sekularnifrantiskani\/wp-content\/uploads\/2023\/01\/Ashampoo_Snap_2016.07.11_09h05m58s_003_.jpg&#8220; title_text=&#8220;Ashampoo_Snap_2016.07.11_09h05m58s_003_&#8220; url=&#8220;https:\/\/www.frantiskani.cz\/Sekularnifrantiskani\/wp-content\/uploads\/2023\/01\/Prezentace-MBS-Plzen-SFR-v-CR-1.pdf&#8220; url_new_window=&#8220;on&#8220; _builder_version=&#8220;4.19.5&#8243; _module_preset=&#8220;default&#8220; global_colors_info=&#8220;{}&#8220;][\/et_pb_image][\/et_pb_column][et_pb_column type=&#8220;1_4&#8243; _builder_version=&#8220;4.19.4&#8243; _module_preset=&#8220;default&#8220; global_colors_info=&#8220;{}&#8220;][et_pb_gallery gallery_ids=&#8220;1426,1425,1424,1422,1420,1419,1418,1417,1414,1409,1413,1412,1411,1410&#8243; posts_number=&#8220;2&#8243; show_title_and_caption=&#8220;off&#8220; _builder_version=&#8220;4.20.0&#8243; _module_preset=&#8220;default&#8220; global_colors_info=&#8220;{}&#8220;][\/et_pb_gallery][\/et_pb_column][\/et_pb_row][et_pb_row _builder_version=&#8220;4.19.5&#8243; _module_preset=&#8220;default&#8220; global_colors_info=&#8220;{}&#8220;][et_pb_column type=&#8220;4_4&#8243; _builder_version=&#8220;4.19.5&#8243; _module_preset=&#8220;default&#8220; global_colors_info=&#8220;{}&#8220;][et_pb_text admin_label=&#8220;Video galerie&#8220; _builder_version=&#8220;4.23&#8243; _module_preset=&#8220;default&#8220; custom_padding=&#8220;0px|||||&#8220; global_colors_info=&#8220;{}&#8220;]<\/p>\n<h1><strong><span style=\"color: #993300;\">\u00a0GALERIE nahr\u00e1vek<\/span><\/strong><\/h1>\n<p>[\/et_pb_text][\/et_pb_column][\/et_pb_row][\/et_pb_section][et_pb_section fb_built=&#8220;1&#8243; _builder_version=&#8220;4.20.0&#8243; _module_preset=&#8220;default&#8220; background_enable_color=&#8220;off&#8220; global_colors_info=&#8220;{%22gcid-cfde0ab2-491d-4201-8bc9-87511dc32fc8%22:%91%22background_color%22%93}&#8220;][et_pb_row column_structure=&#8220;1_2,1_2&#8243; _builder_version=&#8220;4.23&#8243; _module_preset=&#8220;default&#8220; background_enable_color=&#8220;off&#8220; global_colors_info=&#8220;{}&#8220;][et_pb_column type=&#8220;1_2&#8243; _builder_version=&#8220;4.23&#8243; _module_preset=&#8220;default&#8220; background_image=&#8220;https:\/\/www.frantiskani.cz\/Sekularnifrantiskani\/wp-content\/uploads\/2023\/11\/IMG_0519-scaled.jpeg&#8220; global_colors_info=&#8220;{}&#8220;][et_pb_text _builder_version=&#8220;4.20.0&#8243; _module_preset=&#8220;default&#8220; global_colors_info=&#8220;{}&#8220;]<\/p>\n<h2>\u00a0<span style=\"color: #ffffff;\">Setk\u00e1n\u00ed franti\u0161k\u00e1nsk\u00e9 rodiny \u010cR v Praze PMS &#8211; o. Vojt\u011bch Kodet \u010d\u00e1sti 1 a 2 (\u0159\u00edjen 2023) zvukov\u00fd z\u00e1znam<\/span><\/h2>\n<p>[\/et_pb_text][et_pb_video src=&#8220;https:\/\/www.frantiskani.cz\/Sekularnifrantiskani\/wp-content\/uploads\/2023\/11\/2023_21rijna_Vojtech_Kodet_prednaska1-3.mp3&#8243; src_webm=&#8220;https:\/\/www.frantiskani.cz\/Sekularnifrantiskani\/wp-content\/uploads\/2023\/11\/2023_21rijna_Vojtech_Kodet_prednaska2-2.mp3&#8243; font_icon=&#8220;&#xe059;||divi||400&#8243; _builder_version=&#8220;4.23&#8243; _module_preset=&#8220;default&#8220; width=&#8220;85%&#8220; max_width=&#8220;45%&#8220; min_height=&#8220;100px&#8220; height=&#8220;100px&#8220; max_height=&#8220;100px&#8220; custom_padding=&#8220;2px||1px|||&#8220; global_colors_info=&#8220;{}&#8220;][\/et_pb_video][et_pb_video src=&#8220;https:\/\/www.frantiskani.cz\/Sekularnifrantiskani\/wp-content\/uploads\/2023\/11\/2023_21rijna_Vojtech_Kodet_prednaska2-3.mp3&#8243; _builder_version=&#8220;4.23&#8243; _module_preset=&#8220;default&#8220; width=&#8220;48%&#8220; max_width=&#8220;45%&#8220; module_alignment=&#8220;right&#8220; min_height=&#8220;100px&#8220; height=&#8220;100px&#8220; max_height=&#8220;100px&#8220; custom_padding=&#8220;||1px|||&#8220; global_colors_info=&#8220;{}&#8220;][\/et_pb_video][\/et_pb_column][et_pb_column type=&#8220;1_2&#8243; _builder_version=&#8220;4.20.0&#8243; _module_preset=&#8220;default&#8220; global_colors_info=&#8220;{}&#8220;][et_pb_button button_url=&#8220;https:\/\/www.youtube.com\/playlist?list=PL936UhTXsaBsbh6VGEmcjDjyRP63d22ms&#8220; url_new_window=&#8220;on&#8220; button_text=&#8220;Play List ze setk\u00e1n\u00ed na Velehradu&#8220; _builder_version=&#8220;4.20.0&#8243; _module_preset=&#8220;default&#8220; global_colors_info=&#8220;{}&#8220;][\/et_pb_button][et_pb_video src=&#8220;https:\/\/www.frantiskani.cz\/Sekularnifrantiskani\/wp-content\/uploads\/2023\/03\/Noeviny-o-SFR-v-28-2-2023.mp4&#8243; _builder_version=&#8220;4.20.0&#8243; _module_preset=&#8220;default&#8220; global_colors_info=&#8220;{}&#8220;][\/et_pb_video][\/et_pb_column][\/et_pb_row][et_pb_row column_structure=&#8220;1_2,1_2&#8243; _builder_version=&#8220;4.20.0&#8243; _module_preset=&#8220;default&#8220; background_enable_color=&#8220;off&#8220; global_colors_info=&#8220;{}&#8220;][et_pb_column type=&#8220;1_2&#8243; _builder_version=&#8220;4.19.4&#8243; _module_preset=&#8220;default&#8220; global_colors_info=&#8220;{}&#8220;][et_pb_text _builder_version=&#8220;4.20.0&#8243; _module_preset=&#8220;default&#8220; global_colors_info=&#8220;{}&#8220;]<\/p>\n<h2>Setk\u00e1n\u00ed na forma\u010dn\u00edm semin\u00e1\u0159i pro form\u00e1tory v Brn\u011b Petr\u00ednu v \u0159ijnu 2022<\/h2>\n<p>[\/et_pb_text][\/et_pb_column][et_pb_column type=&#8220;1_2&#8243; _builder_version=&#8220;4.20.0&#8243; _module_preset=&#8220;default&#8220; global_colors_info=&#8220;{}&#8220;][et_pb_button button_url=&#8220;https:\/\/drive.google.com\/drive\/folders\/1mfFGmdpkXO7L8eokgfVsOdwfQXhCxYKT&#8220; url_new_window=&#8220;on&#8220; button_text=&#8220;audio nahr\u00e1vky ze semin\u00e1\u0159e 10 2022&#8243; _builder_version=&#8220;4.20.0&#8243; _module_preset=&#8220;default&#8220; global_colors_info=&#8220;{}&#8220;][\/et_pb_button][\/et_pb_column][\/et_pb_row][et_pb_row column_structure=&#8220;1_3,1_3,1_3&#8243; _builder_version=&#8220;4.20.2&#8243; _module_preset=&#8220;default&#8220; global_colors_info=&#8220;{}&#8220;][et_pb_column type=&#8220;1_3&#8243; _builder_version=&#8220;4.20.2&#8243; _module_preset=&#8220;default&#8220; global_colors_info=&#8220;{}&#8220;][et_pb_gallery gallery_ids=&#8220;1503&#8243; _builder_version=&#8220;4.20.2&#8243; _module_preset=&#8220;default&#8220; global_colors_info=&#8220;{}&#8220;][\/et_pb_gallery][\/et_pb_column][et_pb_column type=&#8220;1_3&#8243; _builder_version=&#8220;4.20.2&#8243; _module_preset=&#8220;default&#8220; global_colors_info=&#8220;{}&#8220;][et_pb_audio audio=&#8220;https:\/\/www.frantiskani.cz\/Sekularnifrantiskani\/wp-content\/uploads\/2023\/03\/Jana-Vnitrni-uzdraveni.mp3&#8243; title=&#8220;Vnit\u0159n\u00ed uzdraven\u00ed&#8220; artist_name=&#8220;Jana Ungerov\u00e1&#8220; album_name=&#8220;Online forma\u010dn\u00ed semin\u00e1\u0159  jaro 2023&#8243; _builder_version=&#8220;4.20.2&#8243; _module_preset=&#8220;default&#8220; global_colors_info=&#8220;{}&#8220;][\/et_pb_audio][\/et_pb_column][et_pb_column type=&#8220;1_3&#8243; _builder_version=&#8220;4.20.2&#8243; _module_preset=&#8220;default&#8220; global_colors_info=&#8220;{}&#8220;][et_pb_text _builder_version=&#8220;4.20.2&#8243; _module_preset=&#8220;default&#8220; global_colors_info=&#8220;{}&#8220;]<\/p>\n<h2>Online semin\u00e1\u0159 o vnit\u0159n\u00edm uzdraven\u00ed 3 2023<\/h2>\n<p>[\/et_pb_text][et_pb_text _builder_version=&#8220;4.20.2&#8243; _module_preset=&#8220;default&#8220; global_colors_info=&#8220;{}&#8220;]<\/p>\n<p><span>Jana Ungerov\u00e1 se narodila v\u00a0r. 1971 v\u00a0Brn\u011b. Poch\u00e1z\u00ed z\u00a0v\u011b\u0159\u00edc\u00ed katolick\u00e9 rodiny. B\u00fdt mision\u00e1\u0159kou se rozhodla ve\u00a013 letech, kdy m\u011bla mo\u017enost vid\u011bt na\u00a0utajen\u00e9 brn\u011bnsk\u00e9 p\u0159edn\u00e1\u0161ce Matku Terezu. Po studiu genetiky na\u00a0brn\u011bnsk\u00e9 p\u0159\u00edrodov\u011bck\u00e9 fakult\u011b p\u0159e\u0161la na\u00a0doktorsk\u00e9 studium do\u00a0Prahy, kter\u00e9 po\u00a0roce opustila. Absolvovala mezin\u00e1rodn\u00ed evangeliza\u010dn\u00ed \u0161kolu na\u00a0Malt\u011b, v\u00a0letech 1998\u20132001 pob\u00fdvala na\u00a0mezin\u00e1rodn\u00ed evangeliza\u010dn\u00ed \u0161kole ICPE nedaleko polsk\u00e9 Czenstochowe. Od\u00a0r.\u00a02001 p\u016fsob\u00ed jako mision\u00e1\u0159ka na\u00a0voln\u00e9 noze.<\/span><\/p>\n<p>[\/et_pb_text][\/et_pb_column][\/et_pb_row][et_pb_row _builder_version=&#8220;4.19.4&#8243; _module_preset=&#8220;default&#8220; background_enable_color=&#8220;off&#8220; global_colors_info=&#8220;{}&#8220;][et_pb_column type=&#8220;4_4&#8243; _builder_version=&#8220;4.19.4&#8243; _module_preset=&#8220;default&#8220; global_colors_info=&#8220;{}&#8220;][et_pb_text _builder_version=&#8220;4.19.5&#8243; _module_preset=&#8220;default&#8220; text_font=&#8220;|800|||||||&#8220; text_text_color=&#8220;#AD6518&#8243; background_enable_color=&#8220;off&#8220; global_colors_info=&#8220;{}&#8220;]<\/p>\n<h1><strong>Zaj\u00edmav\u00e1 videa odjinud<\/strong><\/h1>\n<p>[\/et_pb_text][et_pb_text _builder_version=&#8220;4.19.4&#8243; _module_preset=&#8220;default&#8220; global_colors_info=&#8220;{}&#8220;]<\/p>\n<h2><strong>TV Noe: Sn\u00edm s N\u00edm<\/strong><\/h2>\n<h3>Rozhovor <span>s <\/span>terci\u00e1\u0159em <span>Jirkou Zaj\u00edcem a Mons. Pavlem Konzbulem.<\/span><\/h3>\n<div class=\"noeporad-info noeporad-info-desktop hidden-phone hidden-tablet visible-desktop visible-large \">\n<p><span style=\"color: #0000ff;\"><strong>https:\/\/www.tvnoe.cz\/porad\/36409-snim-s-nim<\/strong><\/span><\/p>\n<\/div>\n<p align=\"justify\"><span style=\"color: #000000;\">Jakou vizi c\u00edrkve pro na\u0161i zem\u00ed n\u00e1m vkl\u00e1d\u00e1 Duch Svat\u00fd do srdce? Jak\u00e9 touhy a p\u0159\u00e1n\u00ed v n\u00e1s d\u00edky synod\u00e1ln\u00edmu setk\u00e1v\u00e1n\u00ed probouz\u00ed? Hled\u00e1me ty nejlep\u0161\u00ed ot\u00e1zky, abychom obdr\u017eeli inspirativn\u00ed odpov\u011bdi. Ka\u017ed\u00e9 t\u0159et\u00ed pond\u011bl\u00ed v m\u011bs\u00edci na televizi Noe.<\/span><\/p>\n<p>[\/et_pb_text][\/et_pb_column][\/et_pb_row][et_pb_row _builder_version=&#8220;4.19.4&#8243; _module_preset=&#8220;default&#8220; background_enable_color=&#8220;off&#8220; global_colors_info=&#8220;{}&#8220;][et_pb_column type=&#8220;4_4&#8243; _builder_version=&#8220;4.19.4&#8243; _module_preset=&#8220;default&#8220; global_colors_info=&#8220;{}&#8220;][et_pb_text _builder_version=&#8220;4.19.4&#8243; _module_preset=&#8220;default&#8220; link_option_url=&#8220;https:\/\/www.tvnoe.cz- artbitr-kulturni-magazin-sousosi-svate-rodiny-na-antoninku&#8220; link_option_url_new_window=&#8220;on&#8220; global_colors_info=&#8220;{}&#8220;]<\/p>\n<h2><strong>TV NOE Arbitr<\/strong><\/h2>\n<p><span style=\"color: #000000;\">Sekul\u00e1rn\u00ed franti\u0161k\u00e1nsk\u00fd \u0159\u00e1d v\u011bnoval souso\u0161\u00ed svat\u00e9 rodiny poutn\u00edmu m\u00edstu sv.Anton\u00ednek farnosti v Blatnici pod sv. Anotn\u00ednkem 14 km ji\u017en\u011b od Uhersk\u00e9ho Hradi\u0161t\u011b<\/span><\/p>\n<p><span style=\"color: #0000ff;\"><strong><a href=\"https:\/\/www.tvnoe.cz\/porad\/36384-artbitr-kulturni-magazin-sousosi-svate-rodiny-na-antoninku\" style=\"color: #0000ff;\">https:\/\/www.tvnoe.cz- artbitr-kulturni-magazin-sousosi-svate-rodiny-na-antoninku<\/a><\/strong><\/span><\/p>\n<p>[\/et_pb_text][et_pb_text _builder_version=&#8220;4.19.4&#8243; _module_preset=&#8220;default&#8220; min_height=&#8220;76.8px&#8220; custom_margin=&#8220;||29px|||&#8220; custom_padding=&#8220;2px||8px|||&#8220; link_option_url=&#8220;https:\/\/www.youtube.com\/watch?v=AqwJCiiOmEg&#8220; link_option_url_new_window=&#8220;on&#8220; global_colors_info=&#8220;{}&#8220;]<\/p>\n<h2><strong>Doc. Pavel Ho\u0161ek Th. D. Pro\u010d B\u016fh dopou\u0161t\u00ed zlo ?<\/h2>\n<h2 class=\"style-scope ytd-watch-metadata\"><\/h2>\n<p><span style=\"color: #0000ff;\"><strong>https:\/\/www.youtube.com\/watch?v=AqwJCiiOmEg<\/strong><\/span>[\/et_pb_text][et_pb_text _builder_version=&#8220;4.23&#8243; _module_preset=&#8220;default&#8220; background_color=&#8220;#E09900&#8243; link_option_url=&#8220;Radio proglas &#8211; o ikon\u011b frant\u0161k\u00e1nsk\u00e9 rodiny https:\/\/slovo.proglas.cz\/nase-porady\/na-stole-je-tema\/ikona-kralovny-frantiskanske-rodiny\/&#8220; link_option_url_new_window=&#8220;on&#8220; global_colors_info=&#8220;{}&#8220;]<\/p>\n<h6 class=\"et_pb_module_header et-fb-editable-element et-fb-editable-element__editing\" data-shortcode-id=\"1.4.0.2-1699293575844\" data-quickaccess-id=\"title\" contenteditable=\"true\">Radio proglas &#8211; o ikon\u011b frant\u0161k\u00e1nsk\u00e9 rodiny <a href=\"Radio%20proglas - o ikon\u011b frant\u0161k\u00e1nsk\u00e9 rodiny https:\/\/slovo.proglas.cz\/nase-porady\/na-stole-je-tema\/ikona-kralovny-frantiskanske-rodiny\/\">https:\/\/slovo.proglas.cz\/nase-porady\/na-stole-je-tema\/ikona-kralovny-frantiskanske-rodiny\/<\/a><\/h6>\n<p>[\/et_pb_text][et_pb_code _builder_version=&#8220;4.19.4&#8243; _module_preset=&#8220;default&#8220; global_colors_info=&#8220;{}&#8220;][\/et_pb_code][\/et_pb_column][\/et_pb_row][\/et_pb_section]<\/p>\n","protected":false},"excerpt":{"rendered":"<p>Fotogalerie a Videa z na\u0161ich setk\u00e1n\u00ed<\/p>\n","protected":false},"author":1,"featured_media":0,"parent":0,"menu_order":0,"comment_status":"closed","ping_status":"closed","template":"","meta":{"_et_pb_use_builder":"on","_et_pb_old_content":"","_et_gb_content_width":"","footnotes":""},"class_list":["post-281","page","type-page","status-publish","hentry"],"jetpack-related-posts":[],"jetpack_sharing_enabled":true,"_links":{"self":[{"href":"https:\/\/www.frantiskani.cz\/Sekularnifrantiskani\/wp-json\/wp\/v2\/pages\/281","targetHints":{"allow":["GET"]}}],"collection":[{"href":"https:\/\/www.frantiskani.cz\/Sekularnifrantiskani\/wp-json\/wp\/v2\/pages"}],"about":[{"href":"https:\/\/www.frantiskani.cz\/Sekularnifrantiskani\/wp-json\/wp\/v2\/types\/page"}],"author":[{"embeddable":true,"href":"https:\/\/www.frantiskani.cz\/Sekularnifrantiskani\/wp-json\/wp\/v2\/users\/1"}],"replies":[{"embeddable":true,"href":"https:\/\/www.frantiskani.cz\/Sekularnifrantiskani\/wp-json\/wp\/v2\/comments?post=281"}],"version-history":[{"count":85,"href":"https:\/\/www.frantiskani.cz\/Sekularnifrantiskani\/wp-json\/wp\/v2\/pages\/281\/revisions"}],"predecessor-version":[{"id":1623,"href":"https:\/\/www.frantiskani.cz\/Sekularnifrantiskani\/wp-json\/wp\/v2\/pages\/281\/revisions\/1623"}],"wp:attachment":[{"href":"https:\/\/www.frantiskani.cz\/Sekularnifrantiskani\/wp-json\/wp\/v2\/media?parent=281"}],"curies":[{"name":"wp","href":"https:\/\/api.w.org\/{rel}","templated":true}]}}