{"id":424,"date":"2023-01-19T07:58:49","date_gmt":"2023-01-19T06:58:49","guid":{"rendered":"https:\/\/www.frantiskani.cz\/Sekularnifrantiskani\/?page_id=424"},"modified":"2023-01-24T08:23:46","modified_gmt":"2023-01-24T07:23:46","slug":"casopisy-a-knih-y-sekularnim-radu","status":"publish","type":"page","link":"https:\/\/www.frantiskani.cz\/Sekularnifrantiskani\/casopisy-a-knih-y-sekularnim-radu\/","title":{"rendered":"\u010casopisy a knihy"},"content":{"rendered":"<p>[et_pb_section fb_built=&#8220;1&#8243; _builder_version=&#8220;4.19.4&#8243; global_colors_info=&#8220;{}&#8220;][et_pb_row column_structure=&#8220;1_2,1_2&#8243; _builder_version=&#8220;4.19.4&#8243; _module_preset=&#8220;default&#8220; hover_enabled=&#8220;0&#8243; global_colors_info=&#8220;{}&#8220; background_enable_color=&#8220;off&#8220; sticky_enabled=&#8220;0&#8243;][et_pb_column type=&#8220;1_2&#8243; _builder_version=&#8220;4.19.4&#8243; _module_preset=&#8220;default&#8220; global_colors_info=&#8220;{}&#8220;][et_pb_blurb title=&#8220;Zpravodaj n\u00e1rodn\u00edho bratrsk\u00e9ho spole\u010denstv\u00ed v \u010cR&#8220; url=&#8220;https:\/\/www.sfr.cz\/narodni_rada_zpravodaj.aspx&#8220; url_new_window=&#8220;on&#8220; image=&#8220;https:\/\/www.frantiskani.cz\/Sekularnifrantiskani\/wp-content\/uploads\/2023\/01\/obrazek_2023-01-12_120639074.png&#8220; _builder_version=&#8220;4.19.4&#8243; _module_preset=&#8220;default&#8220; global_colors_info=&#8220;{}&#8220;]<\/p>\n<ul>\n<li>N\u00e1m\u011bty k zamy\u0161len\u00ed<\/li>\n<li>N\u00e1m\u011bty k modlitb\u00e1m<\/li>\n<li>Franti\u0161k\u00e1nsk\u00e1 inspirace<\/li>\n<li>Forma\u010dn\u00ed p\u0159\u00edloha<\/li>\n<li>Zpr\u00e1vy z n\u00e1rodn\u00edho i m\u00edstn\u00edch spole\u010denstv\u00ed<\/li>\n<\/ul>\n<p>[\/et_pb_blurb][\/et_pb_column][et_pb_column type=&#8220;1_2&#8243; _builder_version=&#8220;4.19.4&#8243; _module_preset=&#8220;default&#8220; global_colors_info=&#8220;{}&#8220;][et_pb_blurb title=&#8220;slovensk\u00fd \u010dasopis Franti\u0161k\u00e1nsk\u00e1 rodina&#8220; url=&#8220;https:\/\/ofs.assisi.sk\/index.php\/frantiskanska-rodina&#8220; url_new_window=&#8220;on&#8220; image=&#8220;https:\/\/www.frantiskani.cz\/Sekularnifrantiskani\/wp-content\/uploads\/2023\/01\/obrazek_2023-01-12_121005906.png&#8220; _builder_version=&#8220;4.19.4&#8243; _module_preset=&#8220;default&#8220; global_colors_info=&#8220;{}&#8220;]<\/p>\n<ul>\n<li>Spiritualita a sv. Franti\u0161ek<\/li>\n<li>Na slov\u00ed\u010dko<\/li>\n<li>Blahoslaven\u00ed a svat\u00ed<\/li>\n<li>Vzpom\u00ednky<\/li>\n<li>Zpr\u00e1vy z n\u00e1rodn\u00ed rady a oblastn\u00edch a m\u00edstn\u00edch spole\u010denstv\u00ed<\/li>\n<\/ul>\n<ul><\/ul>\n<p>[\/et_pb_blurb][\/et_pb_column][\/et_pb_row][et_pb_row _builder_version=&#8220;4.19.4&#8243; _module_preset=&#8220;default&#8220; hover_enabled=&#8220;0&#8243; global_colors_info=&#8220;{}&#8220; background_enable_color=&#8220;off&#8220; sticky_enabled=&#8220;0&#8243;][et_pb_column type=&#8220;4_4&#8243; _builder_version=&#8220;4.19.4&#8243; _module_preset=&#8220;default&#8220; global_colors_info=&#8220;{}&#8220;][et_pb_button button_url=&#8220;https:\/\/www.frantiskani.cz\/index.php\/obchod\/&#8220; url_new_window=&#8220;on&#8220; button_text=&#8220;Zas\u00edl\u00e1n\u00ed knih ze skladu franti\u0161k\u00e1nsk\u00e9 rodiny&#8220; _builder_version=&#8220;4.19.4&#8243; _module_preset=&#8220;default&#8220; box_shadow_style=&#8220;preset2&#8243; global_colors_info=&#8220;{}&#8220;][\/et_pb_button][\/et_pb_column][\/et_pb_row][et_pb_row _builder_version=&#8220;4.19.4&#8243; _module_preset=&#8220;default&#8220; hover_enabled=&#8220;0&#8243; global_colors_info=&#8220;{}&#8220; background_enable_color=&#8220;off&#8220; sticky_enabled=&#8220;0&#8243;][et_pb_column type=&#8220;4_4&#8243; _builder_version=&#8220;4.19.4&#8243; _module_preset=&#8220;default&#8220; global_colors_info=&#8220;{}&#8220;][et_pb_text _builder_version=&#8220;4.19.4&#8243; _module_preset=&#8220;default&#8220; global_colors_info=&#8220;{}&#8220;]<\/p>\n<p>Knihy kter\u00e9 popisuj\u00ed sekul\u00e1rn\u00ed franti\u0161k\u00e1nsk\u00e1 \u0159\u00e1d. Odhaluj\u00ed jeho tv\u00e1\u0159, seznamuj\u00ed v\u00e1s s lidmi, kte\u0159\u00ed se rozhodli n\u00e1sledovat sv. Franti\u0161ka z Assisi ve sv\u011btsk\u00e9m prost\u0159ed\u00ed.<\/p>\n<p>[\/et_pb_text][\/et_pb_column][\/et_pb_row][\/et_pb_section][et_pb_section fb_built=&#8220;1&#8243; _builder_version=&#8220;4.19.4&#8243; _module_preset=&#8220;default&#8220; global_colors_info=&#8220;{}&#8220;][et_pb_row column_structure=&#8220;1_3,1_3,1_3&#8243; _builder_version=&#8220;4.19.4&#8243; _module_preset=&#8220;default&#8220; hover_enabled=&#8220;0&#8243; global_colors_info=&#8220;{}&#8220; background_enable_color=&#8220;off&#8220; sticky_enabled=&#8220;0&#8243;][et_pb_column type=&#8220;1_3&#8243; _builder_version=&#8220;4.19.4&#8243; _module_preset=&#8220;default&#8220; global_colors_info=&#8220;{}&#8220;][et_pb_image src=&#8220;https:\/\/www.frantiskani.cz\/Sekularnifrantiskani\/wp-content\/uploads\/2023\/01\/800-let.jpg&#8220; title_text=&#8220;800 let&#8220; url=&#8220;https:\/\/www.frantiskani.cz\/index.php\/produkt\/osm-stoleti-na-ceste-evangelia-se-svatym-frantiskem-z-assisi\/&#8220; url_new_window=&#8220;on&#8220; _builder_version=&#8220;4.19.4&#8243; _module_preset=&#8220;default&#8220; global_colors_info=&#8220;{}&#8220;][\/et_pb_image][et_pb_text _builder_version=&#8220;4.19.4&#8243; _module_preset=&#8220;default&#8220; global_colors_info=&#8220;{}&#8220;]<\/p>\n<p>Vyd\u00e1no u p\u0159\u00edle\u017eitosti 800. v\u00fdro\u010d\u00ed ustanoven\u00ed III. \u0159\u00e1du svat\u00e9ho Franti\u0161ka z Assisi s pouk\u00e1z\u00e1n\u00edm na trvale \u017eiv\u00fd odkaz Serafinsk\u00e9ho otce. Ur\u010deno k povzbuzen\u00ed, v\u011bnov\u00e1no v\u0161em\u2026<\/p>\n<p>Ve sv\u011bdectv\u00ed t\u00e9to publikace stejn\u011b jako v \u017eivotech samotn\u00fdch sekul\u00e1rn\u00edch franti\u0161k\u00e1n\u016f jde p\u0159edev\u0161\u00edm o touhu naslouchat a p\u0159ij\u00edmat doteky \u017eiv\u00e9ho Boha. nejde o odkr\u00fdv\u00e1n\u00ed tajemstv\u00ed skryt\u00fdch kout\u016f vesm\u00edru, ale o hled\u00e1n\u00ed cesty do Bo\u017e\u00edho kr\u00e1lovstv\u00ed, kter\u00e9 nen\u00ed z tohoto sv\u011bta, ale je z Bo\u017e\u00ed milosti v n\u00e1s.<\/p>\n<p>D\u011bkujeme brat\u0159\u00edm z I. \u0159\u00e1du za 800let\u00e9 duchovn\u00ed doprov\u00e1zen\u00ed z jejich \u0159ad.<\/p>\n<p>[\/et_pb_text][\/et_pb_column][et_pb_column type=&#8220;1_3&#8243; _builder_version=&#8220;4.19.4&#8243; _module_preset=&#8220;default&#8220; global_colors_info=&#8220;{}&#8220;][et_pb_image src=&#8220;https:\/\/www.frantiskani.cz\/Sekularnifrantiskani\/wp-content\/uploads\/2023\/01\/Kronika-100.jpg&#8220; title_text=&#8220;Kronika 100&#8243; url=&#8220;https:\/\/www.frantiskani.cz\/index.php\/produkt\/800-let-evangelia-se-sv-frantiskem-2-cast\/&#8220; url_new_window=&#8220;on&#8220; _builder_version=&#8220;4.19.4&#8243; _module_preset=&#8220;default&#8220; global_colors_info=&#8220;{}&#8220;][\/et_pb_image][et_pb_text _builder_version=&#8220;4.19.4&#8243; _module_preset=&#8220;default&#8220; global_colors_info=&#8220;{}&#8220;]<\/p>\n<p>Kniha 800 let se sv.<span>\u00a0<\/span><strong>Druh\u00fd d\u00edl<\/strong><span>\u00a0<\/span>s podtitulem Kronika Sekul\u00e1rn\u00edho franti\u0161k\u00e1nsk\u00e9ho \u0159\u00e1du posledn\u00edch sto let<br \/>Vyd\u00e1no u p\u0159\u00edle\u017eitosti\u00a0800. v\u00fdro\u010d\u00ed ustanoven\u00ed III. \u0158\u00e1du svat\u00e9ho Franti\u0161ka z\u00a0Assisi<br \/>Krom\u011b stru\u010dn\u00e9ho historick\u00e9ho pohledu na v\u00fdvoj \u0159\u00e1du ve 20 stolet\u00ed se do\u010dteme medailonky mnoha osobnost\u00ed, kter\u00e9 se o \u0159\u00e1d zaslou\u017eili a tak\u00e9 rozhovory s dodnes \u017eij\u00edc\u00edmi pam\u011btn\u00edky.<\/p>\n<p>S kolektivem autor\u016f sestavil Lubo\u0161 Kolafa<\/p>\n<ul>\n<li>Stru\u010dn\u00e1 historie \u0159\u00e1du ve 20 stolet\u00ed a\u017e dodnes<\/li>\n<li>18 medailonk\u016f a \u017eivotopis\u016f terci\u00e1\u0159\u016f z 20 stolet\u00ed<\/li>\n<li>15 rozhovor\u016f s terci\u00e1\u0159i pam\u011btn\u00edky 20 stolet\u00ed<\/li>\n<li>Kdo jsme a kam jdeme?<\/li>\n<\/ul>\n<p>350 stran historie a\u017e do sou\u010dasnosti. V\u00fdznamn\u00e9 osobnosti spojen\u00e9 s \u0159\u00e1dem za posledn\u00edch sto let.<\/p>\n<p>&nbsp;<\/p>\n<p>[\/et_pb_text][\/et_pb_column][et_pb_column type=&#8220;1_3&#8243; _builder_version=&#8220;4.19.4&#8243; _module_preset=&#8220;default&#8220; global_colors_info=&#8220;{}&#8220;][et_pb_image src=&#8220;https:\/\/www.frantiskani.cz\/Sekularnifrantiskani\/wp-content\/uploads\/2023\/01\/Svatost-ve-svete.jpg&#8220; title_text=&#8220;Svatost ve sv\u011bt\u011b&#8220; url=&#8220;https:\/\/www.frantiskani.cz\/index.php\/produkt\/svatost-ve-svete-terciari-sv-frantiska\/&#8220; url_new_window=&#8220;on&#8220; _builder_version=&#8220;4.19.4&#8243; _module_preset=&#8220;default&#8220; global_colors_info=&#8220;{}&#8220;][\/et_pb_image][et_pb_text _builder_version=&#8220;4.19.4&#8243; _module_preset=&#8220;default&#8220; global_colors_info=&#8220;{}&#8220;]<\/p>\n<p class=\"autor\"><strong>Bonaventura \u0160tivar<\/strong><span>\u00a0<\/span>(\u0159eholn\u00ed kn\u011bz, provincie kapuc\u00edn\u016f v \u010cR,\u00a0 nov\u00fd p\u0159eklad Franti\u0161k\u00e1nsk\u00fdch Pramen\u016f)<\/p>\n<p class=\"autor\"><strong>Jitka Krausov\u00e1 OV<span>\u00a0<\/span><\/strong>(psychiatri\u010dka, poastora\u010dn\u00ed asistentka \u2013 Olomouck\u00e9 arcibiskupstv\u00ed, autorka n\u011bkolika knih)<\/p>\n<p>Kniha Svatost ve sv\u011bt\u011b p\u0159edkl\u00e1d\u00e1 kr\u00e1tk\u00e9 \u017eivotn\u00ed p\u0159\u00edb\u011bhy svat\u00fdch a blahoslaven\u00fdch terci\u00e1\u0159\u016f sekul\u00e1rn\u00edho franti\u0161k\u00e1nsk\u00e9ho \u0159\u00e1du. Ten zalo\u017eil sv. Franti\u0161ek z Assisi v roce 1221 jako T\u0159et\u00ed \u0159\u00e1d. Jsme sezn\u00e1meni i se dv\u011bma \u010desk\u00fdmi kandid\u00e1ty beatifikace. \u017divot s parametry svatosti lze pro\u017e\u00edt ve ve\u0159ejn\u00e9m \u017eivot\u011b \u2013 a to dokonce i v mezin\u00e1rodn\u00edm m\u011b\u0159\u00edtku, a rovn\u011b\u017e tak v upout\u00e1n\u00ed na l\u016f\u017eko v \u00fastran\u00ed reflektor\u016f d\u011bjin. 150 stran<\/p>\n<ul><\/ul>\n<div id=\"jp-relatedposts\" class=\"jp-relatedposts\">\n<div class=\"jp-relatedposts-items jp-relatedposts-items-minimal jp-relatedposts-grid \">\n<p class=\"jp-relatedposts-post jp-relatedposts-post0\" data-post-id=\"2858\" data-post-format=\"false\">\n<\/div>\n<\/div>\n<p>[\/et_pb_text][\/et_pb_column][\/et_pb_row][\/et_pb_section]<\/p>\n","protected":false},"excerpt":{"rendered":"<p>Knihy a \u010dasopisy vyd\u00e1van\u00e9 Franti\u0161k\u00e1nskou rodinou<\/p>\n","protected":false},"author":1,"featured_media":0,"parent":0,"menu_order":0,"comment_status":"closed","ping_status":"closed","template":"","meta":{"_et_pb_use_builder":"on","_et_pb_old_content":"<!-- wp:buttons -->\n<div class=\"wp-block-buttons\"><\/div>\n<!-- \/wp:buttons -->","_et_gb_content_width":"","footnotes":""},"class_list":["post-424","page","type-page","status-publish","hentry"],"jetpack-related-posts":[],"jetpack_sharing_enabled":true,"_links":{"self":[{"href":"https:\/\/www.frantiskani.cz\/Sekularnifrantiskani\/wp-json\/wp\/v2\/pages\/424","targetHints":{"allow":["GET"]}}],"collection":[{"href":"https:\/\/www.frantiskani.cz\/Sekularnifrantiskani\/wp-json\/wp\/v2\/pages"}],"about":[{"href":"https:\/\/www.frantiskani.cz\/Sekularnifrantiskani\/wp-json\/wp\/v2\/types\/page"}],"author":[{"embeddable":true,"href":"https:\/\/www.frantiskani.cz\/Sekularnifrantiskani\/wp-json\/wp\/v2\/users\/1"}],"replies":[{"embeddable":true,"href":"https:\/\/www.frantiskani.cz\/Sekularnifrantiskani\/wp-json\/wp\/v2\/comments?post=424"}],"version-history":[{"count":19,"href":"https:\/\/www.frantiskani.cz\/Sekularnifrantiskani\/wp-json\/wp\/v2\/pages\/424\/revisions"}],"predecessor-version":[{"id":684,"href":"https:\/\/www.frantiskani.cz\/Sekularnifrantiskani\/wp-json\/wp\/v2\/pages\/424\/revisions\/684"}],"wp:attachment":[{"href":"https:\/\/www.frantiskani.cz\/Sekularnifrantiskani\/wp-json\/wp\/v2\/media?parent=424"}],"curies":[{"name":"wp","href":"https:\/\/api.w.org\/{rel}","templated":true}]}}