{"id":840,"date":"2023-01-27T10:36:33","date_gmt":"2023-01-27T09:36:33","guid":{"rendered":"https:\/\/www.frantiskani.cz\/Sekularnifrantiskani\/newsletter\/"},"modified":"2023-02-09T12:58:22","modified_gmt":"2023-02-09T11:58:22","slug":"newsletter","status":"publish","type":"page","link":"https:\/\/www.frantiskani.cz\/Sekularnifrantiskani\/newsletter\/","title":{"rendered":"Newsletter"},"content":{"rendered":"  \n  \n  <div class=\"\n    mailpoet_form_popup_overlay\n      \"><\/div>\n  <div\n    id=\"mailpoet_form_3\"\n    class=\"\n      mailpoet_form\n      mailpoet_form_html\n      mailpoet_form_position_\n      mailpoet_form_animation_\n    \"\n      >\n\n    <style type=\"text\/css\">\n     #mailpoet_form_3 .mailpoet_form {  }\n#mailpoet_form_3 form { margin-bottom: 0; }\n#mailpoet_form_3 p.mailpoet_form_paragraph.last { margin-bottom: 5px; }\n#mailpoet_form_3 h2.mailpoet-heading { margin-bottom: 20px; margin-top: 0; }\n#mailpoet_form_3 .mailpoet_column_with_background { padding: 10px; }\n#mailpoet_form_3 .mailpoet_form_column:not(:first-child) { margin-left: 20px; }\n#mailpoet_form_3 .mailpoet_paragraph { line-height: 20px; margin-bottom: 20px; }\n#mailpoet_form_3 .mailpoet_segment_label, #mailpoet_form_3 .mailpoet_text_label, #mailpoet_form_3 .mailpoet_textarea_label, #mailpoet_form_3 .mailpoet_select_label, #mailpoet_form_3 .mailpoet_radio_label, #mailpoet_form_3 .mailpoet_checkbox_label, #mailpoet_form_3 .mailpoet_list_label, #mailpoet_form_3 .mailpoet_date_label { display: block; font-weight: normal; }\n#mailpoet_form_3 .mailpoet_text, #mailpoet_form_3 .mailpoet_textarea, #mailpoet_form_3 .mailpoet_select, #mailpoet_form_3 .mailpoet_date_month, #mailpoet_form_3 .mailpoet_date_day, #mailpoet_form_3 .mailpoet_date_year, #mailpoet_form_3 .mailpoet_date { display: block; }\n#mailpoet_form_3 .mailpoet_text, #mailpoet_form_3 .mailpoet_textarea { width: 200px; }\n#mailpoet_form_3 .mailpoet_checkbox {  }\n#mailpoet_form_3 .mailpoet_submit {  }\n#mailpoet_form_3 .mailpoet_divider {  }\n#mailpoet_form_3 .mailpoet_message {  }\n#mailpoet_form_3 .mailpoet_form_loading { width: 30px; text-align: center; line-height: normal; }\n#mailpoet_form_3 .mailpoet_form_loading > span { width: 5px; height: 5px; background-color: #5b5b5b; }#mailpoet_form_3{border-radius: 10px;background: url(https:\/\/ps.w.org\/mailpoet\/assets\/form-templates\/template-6\/form-bg.jpg) center \/ cover no-repeat;text-align: left;}#mailpoet_form_3 form.mailpoet_form {padding: 35px;}#mailpoet_form_3{width: 100%;}#mailpoet_form_3 .mailpoet_message {margin: 0; padding: 0 20px;}\n        #mailpoet_form_3 .mailpoet_validate_success {color: #00d084}\n        #mailpoet_form_3 input.parsley-success {color: #00d084}\n        #mailpoet_form_3 select.parsley-success {color: #00d084}\n        #mailpoet_form_3 textarea.parsley-success {color: #00d084}\n      \n        #mailpoet_form_3 .mailpoet_validate_error {color: #cf2e2e}\n        #mailpoet_form_3 input.parsley-error {color: #cf2e2e}\n        #mailpoet_form_3 select.parsley-error {color: #cf2e2e}\n        #mailpoet_form_3 textarea.textarea.parsley-error {color: #cf2e2e}\n        #mailpoet_form_3 .parsley-errors-list {color: #cf2e2e}\n        #mailpoet_form_3 .parsley-required {color: #cf2e2e}\n        #mailpoet_form_3 .parsley-custom-error-message {color: #cf2e2e}\n      #mailpoet_form_3 .mailpoet_paragraph.last {margin-bottom: 0} @media (max-width: 500px) {#mailpoet_form_3 {background-image: none;}} @media (min-width: 500px) {#mailpoet_form_3 .last .mailpoet_paragraph:last-child {margin-bottom: 0}}  @media (max-width: 500px) {#mailpoet_form_3 .mailpoet_form_column:last-child .mailpoet_paragraph:last-child {margin-bottom: 0}} \n    <\/style>\n\n    <form\n      target=\"_self\"\n      method=\"post\"\n      action=\"https:\/\/www.frantiskani.cz\/Sekularnifrantiskani\/wp-admin\/admin-post.php?action=mailpoet_subscription_form\"\n      class=\"mailpoet_form mailpoet_form_form mailpoet_form_html\"\n      novalidate\n      data-delay=\"\"\n      data-exit-intent-enabled=\"\"\n      data-font-family=\"\"\n      data-cookie-expiration-time=\"\"\n    >\n      <input type=\"hidden\" name=\"data[form_id]\" value=\"3\" \/>\n      <input type=\"hidden\" name=\"token\" value=\"d14facc7cb\" \/>\n      <input type=\"hidden\" name=\"api_version\" value=\"v1\" \/>\n      <input type=\"hidden\" name=\"endpoint\" value=\"subscribers\" \/>\n      <input type=\"hidden\" name=\"mailpoet_method\" value=\"subscribe\" \/>\n\n      <label class=\"mailpoet_hp_email_label\" style=\"display: none !important;\">Nechte toto pole pr\u00e1zdn\u00e9 pros\u00edm<input type=\"email\" name=\"data[email]\"\/><\/label><h2 class=\"mailpoet-heading  mailpoet-has-font-size\" style=\"text-align: center; color: #38527a; font-size: 72px; line-height: 1\">Newsletter<\/h2>\n<h2 class=\"mailpoet-heading  mailpoet-has-font-size\" style=\"text-align: center; color: #38527a; font-size: 20px; line-height: 1.5\"><span style=\"font-family: Montserrat\" data-font=\"Montserrat\" class=\"mailpoet-has-font\"><strong>P\u0159ipojte se <\/strong><\/span>k odb\u011bru Glos a \u00favah<span style=\"font-family: Montserrat\" data-font=\"Montserrat\" class=\"mailpoet-has-font\"><strong>  je\u0161t\u011b dnes.<\/strong><\/span><\/h2>\n<div class=\"mailpoet_paragraph \"><style>input[name=\"data[form_field_ZjQ3MGI5NWQ2YzI5X2VtYWls]\"]::placeholder{color:#38527a;opacity: 1;}<\/style><input type=\"email\" autocomplete=\"email\" class=\"mailpoet_text\" id=\"form_email_3\" name=\"data[form_field_ZjQ3MGI5NWQ2YzI5X2VtYWls]\" title=\"E-mailov\u00e1 adresa\" value=\"\" style=\"width:100%;box-sizing:border-box;background-color:#f8fbff;border-style:solid;border-radius:10px !important;border-width:0px;border-color:#38527a;padding:16px;margin: 0 auto 0 0;font-family:&#039;Montserrat&#039;;font-size:16px;line-height:1.5;height:auto;color:#38527a;\" data-automation-id=\"form_email\"  placeholder=\"E-mailov\u00e1 adresa *\" aria-label=\"E-mailov\u00e1 adresa *\" data-parsley-errors-container=\".mailpoet_error_y0o28\" data-parsley-required=\"true\" required aria-required=\"true\" data-parsley-minlength=\"6\" data-parsley-maxlength=\"150\" data-parsley-type-message=\"Tato hodnota by m\u011bla obsahovat platnou e-mailovou adresu.\" data-parsley-required-message=\"Toto pole je vy\u017eadov\u00e1no.\"\/><span class=\"mailpoet_error_y0o28\"><\/span><\/div>\n<div class=\"mailpoet_paragraph \"><input type=\"submit\" class=\"mailpoet_submit\" value=\"Za\u010d\u00edt!\" data-automation-id=\"subscribe-submit-button\" data-font-family='Montserrat' style=\"width:100%;box-sizing:border-box;border-style:solid;border-radius:10px !important;border-width:0px;padding:16px;margin: 0 auto 0 0;font-family:&#039;Montserrat&#039;;font-size:19px;line-height:1.5;height:auto;color:#ffffff;border-color:transparent;background: linear-gradient(0deg,rgb(56,82,122) 0%,rgb(81,128,199) 100%);font-weight:bold;\" \/><span class=\"mailpoet_form_loading\"><span class=\"mailpoet_bounce1\"><\/span><span class=\"mailpoet_bounce2\"><\/span><span class=\"mailpoet_bounce3\"><\/span><\/span><\/div>\n<p class=\"mailpoet_form_paragraph  mailpoet-has-font-size\" style=\"text-align: center; color: #38527a; font-size: 14px; line-height: 1.5\"><strong><span style=\"font-family: Montserrat\" data-font=\"Montserrat\" class=\"mailpoet-has-font\">Slibujeme, \u017ee nikdy nebudeme spamovat! Dal\u0161\u00ed informace naleznete v na\u0161ich <a target=\"_blank\" href=\"https:\/\/www.frantiskani.cz\/Sekularnifrantiskani\/ochrana-osobnich-udaju\/\">Z\u00e1sad\u00e1ch ochrany osobn\u00edch \u00fadaj\u016f<\/a>.<\/span><\/strong><\/p>\n\n      <div class=\"mailpoet_message\">\n        <p class=\"mailpoet_validate_success\"\n                style=\"display:none;\"\n                >Zkontrolujte svoji doru\u010denou po\u0161tu nebo spam ko\u0161, abyste mohli sv\u016fj odb\u011br potrvrdit.\n        <\/p>\n        <p class=\"mailpoet_validate_error\"\n                style=\"display:none;\"\n                >        <\/p>\n      <\/div>\n    <\/form>\n\n      <\/div>\n\n  \n\n<ul class=\"wp-block-latest-posts__list has-dates wp-block-latest-posts\"><li><a class=\"wp-block-latest-posts__post-title\" href=\"https:\/\/www.frantiskani.cz\/Sekularnifrantiskani\/rozlisovani\/\">Rozli\u0161ov\u00e1n\u00ed<\/a><time datetime=\"2024-01-25T17:13:07+01:00\" class=\"wp-block-latest-posts__post-date\">25. 1. 2024<\/time><div class=\"wp-block-latest-posts__post-excerpt\">Rozli\u0161ovat znamen\u00e1 riskovat&#8230;znamen\u00e1 to otev\u0159\u00edt se n\u011b\u010demu nov\u00e9mu. Znamen\u00e1 to pustit ot\u011b\u017ee a nechat se v\u00e9st k c\u00edli, kter\u00fd nezn\u00e1me. Univerzitn\u00ed instituce jsou neust\u00e1le ohro\u017eov\u00e1ny t\u011bmito viry: fragmentac\u00ed, povrchnost\u00ed a instrumentalizac\u00ed. Jak\u00fd typ \u010dlov\u011bka si p\u0159estavujeme jako v\u00fdplat univerzitn\u00edho vzd\u011bl\u00e1n\u00ed? V politice jsme sv\u011bdky vir\u016f ni\u010d\u00edc\u00ed demokracii: Populizmus, polarizace a postpravda. Demokracii je pot\u0159eba br\u00e1nit\u2026 <a class=\"wp-block-latest-posts__read-more\" href=\"https:\/\/www.frantiskani.cz\/Sekularnifrantiskani\/rozlisovani\/\" rel=\"noopener noreferrer\">V\u00edce informac\u00ed<span class=\"screen-reader-text\">: Rozli\u0161ov\u00e1n\u00ed<\/span><\/a><\/div><\/li>\n<li><a class=\"wp-block-latest-posts__post-title\" href=\"https:\/\/www.frantiskani.cz\/Sekularnifrantiskani\/fratelli-tutti-jak-pristupovat-k-politice\/\">Fratelli tutti &#8211; jak p\u0159istupovat k politice<\/a><time datetime=\"2024-01-22T08:50:50+01:00\" class=\"wp-block-latest-posts__post-date\">22. 1. 2024<\/time><div class=\"wp-block-latest-posts__post-excerpt\">Universum 4\/2022vMichael Mart\u00ednek a Ji\u0159\u00ed Baro\u0161 &#8211; v\u00fdpisky Michael Mart\u00ednek :I politika je ur\u010dit\u00fdm zp\u016fsobem pastorace&#8230;Politik lze ch\u00e1pat jako vyj\u00e1d\u0159en\u00ed l\u00e1sky k bli\u017en\u00edmu. Jednotlivec m\u016f\u017ee pomoci druh\u00e9mu \u010dlov\u011bku v nouzi, ale jestli\u017ee se spoj\u00ed s dal\u0161\u00edmi a uvede v \u017eivot procesy bratrstv\u00ed a spravedlnosti pro v\u0161echny stupuje na pole l\u00e1sky, na pole politick\u00e9. \u00dakolem l\u00e1sky\u2026 <a class=\"wp-block-latest-posts__read-more\" href=\"https:\/\/www.frantiskani.cz\/Sekularnifrantiskani\/fratelli-tutti-jak-pristupovat-k-politice\/\" rel=\"noopener noreferrer\">V\u00edce informac\u00ed<span class=\"screen-reader-text\">: Fratelli tutti &#8211; jak p\u0159istupovat k politice<\/span><\/a><\/div><\/li>\n<li><a class=\"wp-block-latest-posts__post-title\" href=\"https:\/\/www.frantiskani.cz\/Sekularnifrantiskani\/odpovedi-sester-a-bratri-na-otazky-k-clanku-c-18-rehole\/\">Odpov\u011bdi sester a brat\u0159\u00ed na ot\u00e1zky k \u010dl\u00e1nku \u010d. 18 \u0158ehole<\/a><time datetime=\"2024-01-21T08:37:14+01:00\" class=\"wp-block-latest-posts__post-date\">21. 1. 2024<\/time><div class=\"wp-block-latest-posts__post-excerpt\">Soubor odpov\u011bd\u00ed sestavil a upravil podle p\u00edsemn\u00fdch p\u0159\u00edsp\u011bvk\u016f Br. Vladim\u00edr Franti\u0161ek Tykvart 19.11.2023 \u00a0 Na\u0161e spole\u010denstv\u00ed prom\u00fd\u0161l\u00ed zp\u016fsob \u017eivota, kter\u00fd n\u00e1m ukl\u00e1d\u00e1 \u0158ehole. Na setk\u00e1n\u00ed 9.1.2024 odpov\u00eddali sestry a brat\u0159i na ot\u00e1zky, kter\u00e9 souvis\u00ed s&nbsp;\u010dl\u00e1nky 18 \u0158ehole OFS. Jejich reflexe o stvo\u0159en\u00ed mohou obohatit ka\u017ed\u00e9ho z&nbsp;n\u00e1s o pohledy ostatn\u00edch a inspirovat n\u00e1s k&nbsp;\u017eivotu v&nbsp;duchu \u0158ehole\u2026 <a class=\"wp-block-latest-posts__read-more\" href=\"https:\/\/www.frantiskani.cz\/Sekularnifrantiskani\/odpovedi-sester-a-bratri-na-otazky-k-clanku-c-18-rehole\/\" rel=\"noopener noreferrer\">V\u00edce informac\u00ed<span class=\"screen-reader-text\">: Odpov\u011bdi sester a brat\u0159\u00ed na ot\u00e1zky k \u010dl\u00e1nku \u010d. 18 \u0158ehole<\/span><\/a><\/div><\/li>\n<li><a class=\"wp-block-latest-posts__post-title\" href=\"https:\/\/www.frantiskani.cz\/Sekularnifrantiskani\/guy-glibert-tvari-v-tvar-utrpeni\/\">Guy Glibert Tv\u00e1\u0159\u00ed v\u00a0tv\u00e1\u0159 utrpen\u00ed<\/a><time datetime=\"2024-01-17T14:04:35+01:00\" class=\"wp-block-latest-posts__post-date\">17. 1. 2024<\/time><div class=\"wp-block-latest-posts__post-excerpt\">Str 52 St\u00e1\u0159\u00ed Je zapot\u0159eb\u00ed sm\u00ed\u0159it se s&nbsp;t\u00edm, \u017ee \u010dlov\u011bk st\u00e1rne\u2026. Rozhodnut\u00ed: na star\u00e1 kolena budu \u017e\u00edt naplno. Dob\u0159e st\u00e1rnout znamen\u00e1 pro\u017e\u00edvat sv\u00e9 st\u00e1\u0159\u00ed ka\u017ed\u00fd den, v&nbsp;p\u0159\u00edtomnosti\u2026J\u00edt k&nbsp;podstat\u011b\u2026Star\u00fd \u010dlov\u011bk za\u017e\u00edv\u00e1 okouzlen\u00ed tv\u00e1\u0159\u00ed v&nbsp;tv\u00e1\u0159 velk\u00e9 \u0159ece \u017eivota, kter\u00e1 se nikdy nezastav\u00ed a je zkr\u00e1tka n\u00e1dhern\u00e1\u2026 U\u017eijte si naplno 24 hodin. P\u0159ekypujte \u017eivotem a\u017e do sam\u00e9ho konce.\u2026 <a class=\"wp-block-latest-posts__read-more\" href=\"https:\/\/www.frantiskani.cz\/Sekularnifrantiskani\/guy-glibert-tvari-v-tvar-utrpeni\/\" rel=\"noopener noreferrer\">V\u00edce informac\u00ed<span class=\"screen-reader-text\">: Guy Glibert Tv\u00e1\u0159\u00ed v\u00a0tv\u00e1\u0159 utrpen\u00ed<\/span><\/a><\/div><\/li>\n<li><a class=\"wp-block-latest-posts__post-title\" href=\"https:\/\/www.frantiskani.cz\/Sekularnifrantiskani\/zamysleni-nad-clankem-18-rehole\/\">Zamy\u0161len\u00ed nad \u010dl\u00e1nkem 18. \u0158ehole<\/a><time datetime=\"2024-01-17T08:44:44+01:00\" class=\"wp-block-latest-posts__post-date\">17. 1. 2024<\/time><div class=\"wp-block-latest-posts__post-excerpt\">Krom\u011b toho a\u0165 maj\u00ed \u00factu k ostatn\u00edmu stvo\u0159en\u00ed, \u017eiv\u00e9mu i ne\u017eiv\u00e9mu, kter\u00e9 \u201cje obrazem Nejvy\u0161\u0161\u00edho\u201d (1 Cel 80; Chvalozp\u011bv stvo\u0159en\u00ed 4). Od poku\u0161en\u00ed zneu\u017e\u00edvat je a\u0165 se sna\u017e\u00ed p\u0159ej\u00edt k franti\u0161k\u00e1nsk\u00e9mu pojet\u00ed v\u0161eobecn\u00e9ho bratrstv\u00ed. Motto Modlitba v\u010deli\u010dek \u201eDobr\u00fd n\u00e1\u0161 P\u00e1nb\u00ed\u010dku,kter\u00fd jsi v&nbsp;neb\u00ed\u010dku,k&nbsp;Tob\u011b se modl\u00edme,pokorn\u011b pros\u00edmepo\u017eehnej na\u0161emu d\u00edlu,k pr\u00e1ci dej radost a s\u00edlu,a\u0165 hodn\u011b medu n\u00e1m\u2026 <a class=\"wp-block-latest-posts__read-more\" href=\"https:\/\/www.frantiskani.cz\/Sekularnifrantiskani\/zamysleni-nad-clankem-18-rehole\/\" rel=\"noopener noreferrer\">V\u00edce informac\u00ed<span class=\"screen-reader-text\">: Zamy\u0161len\u00ed nad \u010dl\u00e1nkem 18. \u0158ehole<\/span><\/a><\/div><\/li>\n<\/ul>","protected":false},"excerpt":{"rendered":"<p>Newsletter Sekul\u00e1rn\u00edho franti\u0161k\u00e1na<\/p>\n","protected":false},"author":1,"featured_media":434,"parent":0,"menu_order":0,"comment_status":"closed","ping_status":"closed","template":"","meta":{"_et_pb_use_builder":"off","_et_pb_old_content":"[newsletter]","_et_gb_content_width":"795","footnotes":""},"class_list":["post-840","page","type-page","status-publish","has-post-thumbnail","hentry"],"jetpack-related-posts":[],"jetpack_sharing_enabled":true,"_links":{"self":[{"href":"https:\/\/www.frantiskani.cz\/Sekularnifrantiskani\/wp-json\/wp\/v2\/pages\/840","targetHints":{"allow":["GET"]}}],"collection":[{"href":"https:\/\/www.frantiskani.cz\/Sekularnifrantiskani\/wp-json\/wp\/v2\/pages"}],"about":[{"href":"https:\/\/www.frantiskani.cz\/Sekularnifrantiskani\/wp-json\/wp\/v2\/types\/page"}],"author":[{"embeddable":true,"href":"https:\/\/www.frantiskani.cz\/Sekularnifrantiskani\/wp-json\/wp\/v2\/users\/1"}],"replies":[{"embeddable":true,"href":"https:\/\/www.frantiskani.cz\/Sekularnifrantiskani\/wp-json\/wp\/v2\/comments?post=840"}],"version-history":[{"count":15,"href":"https:\/\/www.frantiskani.cz\/Sekularnifrantiskani\/wp-json\/wp\/v2\/pages\/840\/revisions"}],"predecessor-version":[{"id":1184,"href":"https:\/\/www.frantiskani.cz\/Sekularnifrantiskani\/wp-json\/wp\/v2\/pages\/840\/revisions\/1184"}],"wp:featuredmedia":[{"embeddable":true,"href":"https:\/\/www.frantiskani.cz\/Sekularnifrantiskani\/wp-json\/wp\/v2\/media\/434"}],"wp:attachment":[{"href":"https:\/\/www.frantiskani.cz\/Sekularnifrantiskani\/wp-json\/wp\/v2\/media?parent=840"}],"curies":[{"name":"wp","href":"https:\/\/api.w.org\/{rel}","templated":true}]}}