{"id":2010,"date":"2021-03-17T09:36:07","date_gmt":"2021-03-17T08:36:07","guid":{"rendered":"https:\/\/www.frantiskani.cz\/?page_id=2010"},"modified":"2021-05-02T05:21:19","modified_gmt":"2021-05-02T03:21:19","slug":"inspirovano-sv-frantiskem","status":"publish","type":"page","link":"https:\/\/www.frantiskani.cz\/index.php\/inspirovano-sv-frantiskem\/","title":{"rendered":"Inspirov\u00e1no sv. Franti\u0161kem"},"content":{"rendered":"\n<p>Cel\u00e9 generace lid\u00ed v cel\u00e9m sv\u011bt\u011b inspiruje p\u0159\u00edb\u011bh sv. Franti\u0161ka z Assisi a p\u0159\u00edb\u011bhy jeho p\u0159\u00e1tel. Sna\u017e\u00edm se je shroma\u017e\u010fovat. Pokud i vy m\u00e1te n\u011bjak\u00fd p\u0159\u00edsp\u011bvek (n\u00e1lez, b\u00e1se\u0148, pov\u00eddku, obr\u00e1zek, hudbu, film, ikonu, fotografie z m\u00edst a pod., nebo va\u0161i vlastn\u00ed tvorbu) Napi\u0161te n\u00e1m.<\/p>\n\n\n\n<p class=\"has-medium-font-size\"><strong>Inspirace k poslechu a k pokouk\u00e1n\u00ed <\/strong>:<\/p>\n\n\n\n<ul class=\"wp-block-list\"><li><a href=\"https:\/\/www.frantiskani.cz\/index.php\/2021\/03\/17\/filmy-inspirovane-sv-frantiskem\/\">Filmy <\/a><\/li><li><a href=\"https:\/\/www.frantiskani.cz\/index.php\/2021\/03\/17\/pisne-inspirovane-sv-frantiskem\/\">P\u00edsn\u011b<\/a><\/li><li><a href=\"https:\/\/www.frantiskani.cz\/index.php\/2021\/03\/17\/film-dokumenty-inspirovano-sv-frantiskem\/\">film &#8211; dokumenty<\/a><\/li><li><a href=\"https:\/\/www.frantiskani.cz\/index.php\/2021\/03\/17\/knihy-o-sv-frantiskovi-maly-seznam\/\">Knihy a mluven\u00e9 slovo<\/a><\/li><li><a href=\"https:\/\/www.google.com\/search?q=sv.+Franti%C5%A1ek+z+Assisi&amp;sxsrf=ALeKk02u0fcWkVww8QCvrqjXV2nrl-GXaw:1615979734527&amp;source=lnms&amp;tbm=isch&amp;biw=1745&amp;bih=861\">Obr\u00e1zky na s\u00edti<\/a><\/li><li><a href=\"https:\/\/www.frantiskanstvi.cz\">Institut franti\u0161k\u00e1nsk\u00fdch studi\u00ed<\/a><\/li><\/ul>\n\n\n\n<p class=\"has-medium-font-size\"><strong>Va\u0161e n\u00e1pady, n\u00e1vrhy, va\u0161e tvorba<\/strong><\/p>\n\n\n\n\n\n\n\n\n\n\n\n\n\n\n\n\n","protected":false},"excerpt":{"rendered":"<p>Cel\u00e9 generace lid\u00ed v cel\u00e9m sv\u011bt\u011b inspiruje p\u0159\u00edb\u011bh sv. Franti\u0161ka z Assisi a p\u0159\u00edb\u011bhy jeho p\u0159\u00e1tel. Sna\u017e\u00edm se je shroma\u017e\u010fovat. Pokud i vy m\u00e1te n\u011bjak\u00fd p\u0159\u00edsp\u011bvek (n\u00e1lez, b\u00e1se\u0148, pov\u00eddku, obr\u00e1zek, hudbu, film, ikonu, fotografie z m\u00edst a pod., nebo va\u0161i vlastn\u00ed tvorbu) Napi\u0161te n\u00e1m.<\/p>\n","protected":false},"author":1,"featured_media":1510,"parent":0,"menu_order":0,"comment_status":"open","ping_status":"closed","template":"","meta":{"footnotes":""},"class_list":["post-2010","page","type-page","status-publish","has-post-thumbnail","hentry","latest_post"],"_links":{"self":[{"href":"https:\/\/www.frantiskani.cz\/index.php\/wp-json\/wp\/v2\/pages\/2010","targetHints":{"allow":["GET"]}}],"collection":[{"href":"https:\/\/www.frantiskani.cz\/index.php\/wp-json\/wp\/v2\/pages"}],"about":[{"href":"https:\/\/www.frantiskani.cz\/index.php\/wp-json\/wp\/v2\/types\/page"}],"author":[{"embeddable":true,"href":"https:\/\/www.frantiskani.cz\/index.php\/wp-json\/wp\/v2\/users\/1"}],"replies":[{"embeddable":true,"href":"https:\/\/www.frantiskani.cz\/index.php\/wp-json\/wp\/v2\/comments?post=2010"}],"version-history":[{"count":16,"href":"https:\/\/www.frantiskani.cz\/index.php\/wp-json\/wp\/v2\/pages\/2010\/revisions"}],"predecessor-version":[{"id":2661,"href":"https:\/\/www.frantiskani.cz\/index.php\/wp-json\/wp\/v2\/pages\/2010\/revisions\/2661"}],"wp:featuredmedia":[{"embeddable":true,"href":"https:\/\/www.frantiskani.cz\/index.php\/wp-json\/wp\/v2\/media\/1510"}],"wp:attachment":[{"href":"https:\/\/www.frantiskani.cz\/index.php\/wp-json\/wp\/v2\/media?parent=2010"}],"curies":[{"name":"wp","href":"https:\/\/api.w.org\/{rel}","templated":true}]}}