{"id":307,"date":"2017-01-03T08:33:39","date_gmt":"2017-01-03T08:33:39","guid":{"rendered":"http:\/\/raratheme.com\/preview\/education-zone-pro\/?page_id=307"},"modified":"2025-12-17T13:59:23","modified_gmt":"2025-12-17T12:59:23","slug":"contact","status":"publish","type":"page","link":"https:\/\/www.frantiskani.cz\/index.php\/contact\/","title":{"rendered":"Kontakt modlitebn\u00ed skupiny"},"content":{"rendered":"\n<p>Mail bude zasl\u00e1n spr\u00e1vci webu, kter\u00fd zprost\u0159edkuje Va\u0161e \u017e\u00e1dosti. va\u0161e prosby o modlitby p\u0159ed\u00e1 modlitebn\u00edmu t\u00fdmu z cel\u00e9 \u010cR<\/p>\n\n\n\n<div class=\"wp-block-jetpack-send-a-message\">\n<div class=\"wp-block-jetpack-whatsapp-button is-color-dark\"><a class=\"whatsapp-block__button\" href=\"https:\/\/api.whatsapp.com\/send?phone=420602306284&amp;text=Dobr%C3%BD%20den%2C%20d%C4%9Bkuji%20v%C3%A1m%20za%20v%C3%A1%C5%A1%20kontakt.%20Pokus%C3%ADm%20se%20v%C5%A1e%20vy%C5%99%C3%ADdit\" style=\"background-color:#25D366;color:#fff\" target=\"_blank\" rel=\"noopener noreferrer\">Chat on WhatsApp<\/a><\/div>\n<\/div>\n\n\n\n<div class=\"wp-block-jetpack-contact-form\">\n<div>\n\n<\/div>\n\n\n\n<div>\n\n<\/div>\n\n\n\n<div>\n\n<\/div>\n\n\n\n<div>\n\n<\/div>\n\n\n\n<div>\n\n<\/div>\n\n\n<\/div>\n\n\n\n<p><\/p>\n","protected":false},"excerpt":{"rendered":"<p>Mail bude zasl\u00e1n spr\u00e1vci webu, kter\u00fd zprost\u0159edkuje Va\u0161e \u017e\u00e1dosti. va\u0161e prosby o modlitby p\u0159ed\u00e1 modlitebn\u00edmu t\u00fdmu z cel\u00e9 \u010cR Chat &hellip; <\/p>\n","protected":false},"author":1,"featured_media":0,"parent":0,"menu_order":0,"comment_status":"closed","ping_status":"closed","template":"","meta":{"footnotes":""},"class_list":["post-307","page","type-page","status-publish","hentry","latest_post"],"_links":{"self":[{"href":"https:\/\/www.frantiskani.cz\/index.php\/wp-json\/wp\/v2\/pages\/307","targetHints":{"allow":["GET"]}}],"collection":[{"href":"https:\/\/www.frantiskani.cz\/index.php\/wp-json\/wp\/v2\/pages"}],"about":[{"href":"https:\/\/www.frantiskani.cz\/index.php\/wp-json\/wp\/v2\/types\/page"}],"author":[{"embeddable":true,"href":"https:\/\/www.frantiskani.cz\/index.php\/wp-json\/wp\/v2\/users\/1"}],"replies":[{"embeddable":true,"href":"https:\/\/www.frantiskani.cz\/index.php\/wp-json\/wp\/v2\/comments?post=307"}],"version-history":[{"count":11,"href":"https:\/\/www.frantiskani.cz\/index.php\/wp-json\/wp\/v2\/pages\/307\/revisions"}],"predecessor-version":[{"id":13635,"href":"https:\/\/www.frantiskani.cz\/index.php\/wp-json\/wp\/v2\/pages\/307\/revisions\/13635"}],"wp:attachment":[{"href":"https:\/\/www.frantiskani.cz\/index.php\/wp-json\/wp\/v2\/media?parent=307"}],"curies":[{"name":"wp","href":"https:\/\/api.w.org\/{rel}","templated":true}]}}