{"id":650,"date":"2016-12-28T05:40:02","date_gmt":"2016-12-28T05:40:02","guid":{"rendered":"http:\/\/raratheme.com\/preview\/education-zone-pro\/?page_id=134"},"modified":"2021-05-01T20:56:22","modified_gmt":"2021-05-01T18:56:22","slug":"testimonials","status":"publish","type":"page","link":"https:\/\/www.frantiskani.cz\/index.php\/testimonials\/","title":{"rendered":"Franti\u0161k\u00e1nsk\u00e9 prameny &#8211; \u00faryvky"},"content":{"rendered":"","protected":false},"excerpt":{"rendered":"","protected":false},"author":1,"featured_media":0,"parent":0,"menu_order":0,"comment_status":"closed","ping_status":"closed","template":"templates\/template-testimonials.php","meta":{"footnotes":""},"class_list":["post-650","page","type-page","status-publish","hentry","latest_post"],"_links":{"self":[{"href":"https:\/\/www.frantiskani.cz\/index.php\/wp-json\/wp\/v2\/pages\/650","targetHints":{"allow":["GET"]}}],"collection":[{"href":"https:\/\/www.frantiskani.cz\/index.php\/wp-json\/wp\/v2\/pages"}],"about":[{"href":"https:\/\/www.frantiskani.cz\/index.php\/wp-json\/wp\/v2\/types\/page"}],"author":[{"embeddable":true,"href":"https:\/\/www.frantiskani.cz\/index.php\/wp-json\/wp\/v2\/users\/1"}],"replies":[{"embeddable":true,"href":"https:\/\/www.frantiskani.cz\/index.php\/wp-json\/wp\/v2\/comments?post=650"}],"version-history":[{"count":2,"href":"https:\/\/www.frantiskani.cz\/index.php\/wp-json\/wp\/v2\/pages\/650\/revisions"}],"predecessor-version":[{"id":2589,"href":"https:\/\/www.frantiskani.cz\/index.php\/wp-json\/wp\/v2\/pages\/650\/revisions\/2589"}],"wp:attachment":[{"href":"https:\/\/www.frantiskani.cz\/index.php\/wp-json\/wp\/v2\/media?parent=650"}],"curies":[{"name":"wp","href":"https:\/\/api.w.org\/{rel}","templated":true}]}}